{"id":13,"date":"2016-10-24T11:23:20","date_gmt":"2016-10-24T09:23:20","guid":{"rendered":"http:\/\/www.thematis.ch\/?page_id=13"},"modified":"2021-01-20T11:23:20","modified_gmt":"2021-01-20T10:23:20","slug":"uber-uns","status":"publish","type":"page","link":"https:\/\/www.thematis.ch\/de\/uber-uns\/","title":{"rendered":"\u00dcber uns"},"content":{"rendered":"<h2>Wir sind ein interdisziplin\u00e4res Team, in dem sich hochgradige Fachkompetenzen mit vielf\u00e4ltiger Erfahrung erg\u00e4nzen.<\/h2>\n<p style=\"padding-left: 0; padding-right: 0;\"><img loading=\"lazy\" class=\"alignleft size-full wp-image-312\" src=\"https:\/\/www.thematis.ch\/de\/wp-content\/uploads\/2016\/10\/qui.jpg\" alt=\"Thematis\" width=\"1920\" height=\"1032\" srcset=\"https:\/\/www.thematis.ch\/de\/wp-content\/uploads\/2016\/10\/qui.jpg 1920w, https:\/\/www.thematis.ch\/de\/wp-content\/uploads\/2016\/10\/qui-300x161.jpg 300w, https:\/\/www.thematis.ch\/de\/wp-content\/uploads\/2016\/10\/qui-768x413.jpg 768w, https:\/\/www.thematis.ch\/de\/wp-content\/uploads\/2016\/10\/qui-1024x550.jpg 1024w, https:\/\/www.thematis.ch\/de\/wp-content\/uploads\/2016\/10\/qui-640x344.jpg 640w\" sizes=\"(max-width: 1920px) 100vw, 1920px\" \/><\/p>\n<p>Kultur l\u00e4sst uns tr\u00e4umen. Kultur vereint, was eine Gesellschaft ausmacht: Gestaltung, Kulturerbe, Traditionen, Innovationsgeist, die Kunst des Zusammenlebens. Kultur ist das gemeinsame Gut der Menschheit. Kultur ist \u00fcberall: in den Museen, in den Strassen, an historischen St\u00e4tten, in Unternehmen, in Naturgebieten und an touristischen Orten.<\/p>\n<p>Genau in diesem Umfeld sind wir t\u00e4tig: wir begleiten die Akteurinnen und Akteure in der Kulturwelt, im Tourismus, in den Wissenschaften und in der Industrie bei der Realisierung ihrer Projekte. Wir entwickeln Visionen, Strategien und Businesspl\u00e4ne. Wir vermitteln Wissen und w\u00fcrdigen das Kulturerbe.<\/p>\n<p>Wir realisieren Ausstellungen, Museen, Besucherzentren und machen daraus eine erfolgreiche Unternehmung.<\/p>\n<p>Wir sind Kulturingenieure und Sch\u00f6pferinnen von Erlebnissen.<\/p>\n<p>Seit 1991 haben Millionen von Besucherinnen und Besuchern von uns konzipierte Ausstellungen in der Schweiz, in Europa und auf der ganzen Welt erlebt.<\/p>\n<h1>Unser Team<\/h1>\n<h2>Unser Team bietet eine einzigartige Mischung aus Fachwissen und Erfahrung.<\/h2>\n<div class=\"one-fourth first\">\n<figure id=\"attachment_983\" aria-describedby=\"caption-attachment-983\" style=\"width: 640px\" class=\"wp-caption alignnone\"><img loading=\"lazy\" class=\"wp-image-983 size-full\" title=\"Michel Etter\" src=\"https:\/\/www.thematis.ch\/de\/wp-content\/uploads\/2016\/11\/Michel_Etter.gif\" alt=\"\" width=\"640\" height=\"640\" \/><figcaption id=\"caption-attachment-983\" class=\"wp-caption-text\"><span class=\"team-name\">Michel Etter<\/span><br \/>Direktor<\/figcaption><\/figure>\n<\/div>\n<div class=\"one-fourth\">\n<figure id=\"attachment_986\" aria-describedby=\"caption-attachment-986\" style=\"width: 640px\" class=\"wp-caption alignnone\"><img loading=\"lazy\" class=\"wp-image-986 size-full\" title=\"Nathalie Fonjallaz \" src=\"https:\/\/www.thematis.ch\/de\/wp-content\/uploads\/2016\/11\/Nathalie_Fonjallaz.gif\" alt=\"\" width=\"640\" height=\"640\" \/><figcaption id=\"caption-attachment-986\" class=\"wp-caption-text\"><span class=\"team-name\">Nathalie Fonjallaz<\/span><br \/>Stellvertretende Direktorin<\/figcaption><\/figure>\n<\/div>\n<div class=\"one-fourth\">\n<figure id=\"attachment_989\" aria-describedby=\"caption-attachment-989\" style=\"width: 640px\" class=\"wp-caption alignnone\"><img loading=\"lazy\" class=\"wp-image-989 size-full\" title=\"Sabine Etter\" src=\"https:\/\/www.thematis.ch\/de\/wp-content\/uploads\/2016\/11\/Sabine_Etter.gif\" alt=\"\" width=\"640\" height=\"640\" \/><figcaption id=\"caption-attachment-989\" class=\"wp-caption-text\"><span class=\"team-name\">Sabine Etter<\/span><br \/>Direktionsassistentin, Tourismus-Spezialistin<\/figcaption><\/figure>\n<\/div>\n<div class=\"one-fourth first\">\n<figure id=\"attachment_1023\" aria-describedby=\"caption-attachment-1023\" style=\"width: 640px\" class=\"wp-caption alignnone\"><img loading=\"lazy\" class=\"size-full wp-image-1023\" src=\"https:\/\/www.thematis.ch\/de\/wp-content\/uploads\/2017\/11\/Petra_Vetsch.gif\" alt=\"\" width=\"640\" height=\"640\" \/><figcaption id=\"caption-attachment-1023\" class=\"wp-caption-text\"><strong>Petra Vetsch<\/strong><br \/>Sekret\u00e4rin\/Buchalterin<\/figcaption><\/figure>\n<\/div>\n","protected":false},"excerpt":{"rendered":"<p>Wir sind ein interdisziplin\u00e4res Team, in dem sich hochgradige Fachkompetenzen mit vielf\u00e4ltiger Erfahrung erg\u00e4nzen. Kultur l\u00e4sst uns tr\u00e4umen. Kultur vereint, was eine Gesellschaft ausmacht: Gestaltung, Kulturerbe, Traditionen, Innovationsgeist, die Kunst des Zusammenlebens. Kultur ist das gemeinsame Gut der Menschheit. Kultur ist \u00fcberall: in den Museen, in den Strassen, an historischen St\u00e4tten, in Unternehmen, in Naturgebieten&#8230; <a class=\"more-link\" href=\"https:\/\/www.thematis.ch\/de\/uber-uns\/\"><span class=\"plus\">Lesen<\/span><\/a><\/p>\n","protected":false},"author":1,"featured_media":0,"parent":0,"menu_order":0,"comment_status":"closed","ping_status":"closed","template":"","meta":{"_genesis_hide_title":false,"_genesis_hide_breadcrumbs":false,"_genesis_hide_singular_image":false,"_genesis_hide_footer_widgets":false,"_genesis_custom_body_class":"static about","_genesis_custom_post_class":"","_genesis_layout":""},"_links":{"self":[{"href":"https:\/\/www.thematis.ch\/de\/wp-json\/wp\/v2\/pages\/13"}],"collection":[{"href":"https:\/\/www.thematis.ch\/de\/wp-json\/wp\/v2\/pages"}],"about":[{"href":"https:\/\/www.thematis.ch\/de\/wp-json\/wp\/v2\/types\/page"}],"author":[{"embeddable":true,"href":"https:\/\/www.thematis.ch\/de\/wp-json\/wp\/v2\/users\/1"}],"replies":[{"embeddable":true,"href":"https:\/\/www.thematis.ch\/de\/wp-json\/wp\/v2\/comments?post=13"}],"version-history":[{"count":96,"href":"https:\/\/www.thematis.ch\/de\/wp-json\/wp\/v2\/pages\/13\/revisions"}],"predecessor-version":[{"id":1632,"href":"https:\/\/www.thematis.ch\/de\/wp-json\/wp\/v2\/pages\/13\/revisions\/1632"}],"wp:attachment":[{"href":"https:\/\/www.thematis.ch\/de\/wp-json\/wp\/v2\/media?parent=13"}],"curies":[{"name":"wp","href":"https:\/\/api.w.org\/{rel}","templated":true}]}}