{"id":7,"date":"2016-10-24T11:19:07","date_gmt":"2016-10-24T09:19:07","guid":{"rendered":"http:\/\/www.thematis.ch\/?page_id=7"},"modified":"2020-06-30T18:30:00","modified_gmt":"2020-06-30T16:30:00","slug":"know-how","status":"publish","type":"page","link":"https:\/\/www.thematis.ch\/de\/know-how\/","title":{"rendered":"Know-how"},"content":{"rendered":"<h2>Wir teilen unser fundiertes Know-how, um Ihr Projekt zu realisieren.<\/h2>\n<p><img loading=\"lazy\" src=\"https:\/\/www.thematis.ch\/de\/wp-content\/uploads\/2020\/06\/know-how-web.jpg\" alt=\"\" width=\"1920\" height=\"1102\" class=\"alignnone size-full wp-image-1819\" srcset=\"https:\/\/www.thematis.ch\/de\/wp-content\/uploads\/2020\/06\/know-how-web.jpg 1920w, https:\/\/www.thematis.ch\/de\/wp-content\/uploads\/2020\/06\/know-how-web-300x172.jpg 300w, https:\/\/www.thematis.ch\/de\/wp-content\/uploads\/2020\/06\/know-how-web-1024x588.jpg 1024w, https:\/\/www.thematis.ch\/de\/wp-content\/uploads\/2020\/06\/know-how-web-768x441.jpg 768w, https:\/\/www.thematis.ch\/de\/wp-content\/uploads\/2020\/06\/know-how-web-1536x882.jpg 1536w, https:\/\/www.thematis.ch\/de\/wp-content\/uploads\/2020\/06\/know-how-web-640x367.jpg 640w\" sizes=\"(max-width: 1920px) 100vw, 1920px\" \/><\/p>\n<h1>Strategie<\/h1>\n<h2>Ideen ausprobieren, M\u00e4rkte ausloten, nachhaltige Konzepte definieren<\/h2>\n<ul>\n<li>Vorstudie: wir pr\u00fcfen die Machbarkeit, potentielle Publikumszahlen und die Besucherstr\u00f6me.<\/li>\n<li>Kulturwissenschaftliche Auswertung: gemeinsam mit Ihnen erarbeiten wir eine Beurteilung der Sachlage und stellen einen Aktionsplan vor.<\/li>\n<li>Businessplan: wir formulieren die strategischen Ziele des Projekts.<\/li>\n<li>Masterplan: wir definieren ein Konzept f\u00fcr das Zusammenspiel von Architektur und Museografie.<\/li>\n<\/ul>\n<h1>Inhalte<\/h1>\n<h2>Eine Geschichte erz\u00e4hlen, Sinn stiften<\/h2>\n<ul>\n<li>Ausstellungskonzepte: wir begleiten die Ideenfindung, verfassen die Synopsis und ersinnen die Ausstellungsinszenierung.<\/li>\n<li>Literaturrecherche und Ikonographie: wir analysieren die Quellen und definieren gemeinsam mit Ihnen die zu erz\u00e4hlenden Geschichten.<\/li>\n<li>Produktion von Inhalten: wir analysieren das Kulturgut und erneuern seinen Auftritt mit Hilfe von Bild- und Toninhalten sowie digitalen Technologien.<\/li>\n<li>Redaktionelle Expertise: wir schreiben Konzepte und verst\u00e4ndliche Texte, wir inszenieren audiovisuelle und multimediale Inhalte.<\/li>\n<li>Kulturvermittlung: wir entwickeln Lehrmittel und nehmen an der Entwicklung des p\u00e4dagogischen Angebots teil.<\/li>\n<\/ul>\n<h1>Design<\/h1>\n<h2>Er\u00f6ffnen neuer Welten, Erschaffen von Erlebnissen<\/h2>\n<ul>\n<li>Konzeptueller Ansatz: wir entwerfen Inszenierungen und gestalten innovative L\u00f6sungen.<\/li>\n<li>Ausstellungsszenografie: wir \u00fcbersetzen sinnstiftende Geschichten in Raumbilder und bringen Ideen und Sammlungen zur Geltung.<\/li>\n<li>Architektur f\u00fcr Innen und Aussen: wir bauen erstaunliche Architekturen und gehen respektvoll mit der Wahl der Ausstattung um.<\/li>\n<li>Eventmanagement: wir setzen Projekte aller Formate um, sowohl tempor\u00e4re Installationen als auch dauerhafte Konstruktionen.<\/li>\n<\/ul>\n<h1>Digitale Technologien<\/h1>\n<h2>Miteinander im Austausch<\/h2>\n<ul>\n<li>Digitale Szenografie: wir bereichern das Besuchserlebnis und erh\u00f6hen den Austausch mit den Besucherinnen und Besuchern, der Zugang zum kulturellen Angebot wird dadurch spielerisch und attraktiv.<\/li>\n<li>Innovative Technologien: wir erfinden spannende Interaktionen durch den Einsatz von erweiterter und virtueller Realit\u00e4t, chatbots, Applikationen, online-Erlebnissen, etc.<\/li>\n<li>Social Marketing: wir richten uns an Zielgruppen und beziehen sie mit ein, wir erh\u00f6hen die Besucherzahlen und st\u00e4rken die Kundenbindung.<\/li>\n<li>Digitale Strategie: basierend auf digitalen L\u00f6sungen entwickeln wir eine umfassende Interventionsstrategie.<\/li>\n<\/ul>\n<h1><iframe loading=\"lazy\" src=\"https:\/\/www.youtube.com\/embed\/z8ZtPB8cUYc?controls=0\" width=\"800\" height=\"450\" frameborder=\"0\" allowfullscreen=\"allowfullscreen\"><span data-mce-type=\"bookmark\" class=\"mce_SELRES_start\">\ufeff<\/span><span data-mce-type=\"bookmark\" class=\"mce_SELRES_start\">\ufeff<\/span><span data-mce-type=\"bookmark\" class=\"mce_SELRES_start\">\ufeff<\/span><span data-mce-type=\"bookmark\" class=\"mce_SELRES_start\">\ufeff<\/span><\/iframe><\/h1>\n<h1>Unsere Kundinnen und Kunden<\/h1>\n<h2>Wir richten uns an ein breit gef\u00e4chertes Publikum aus den Bereichen Kultur, Natur, Wissenschaft, Industrie und Sport.<\/h2>\n<p>Abbaye de Saint-Maurice<br \/>\nAga Khan Trust for Culture, Gen\u00e8ve<br \/>\nAquatis SA, Lausanne<br \/>\nAssociation du Mus\u00e9e de la vigne et du vin, Aigle<br \/>\nAssociation du Village lacustre de Gletterens<br \/>\nAssociation Images, Vevey<br \/>\nAssociation pour le d\u00e9veloppement du Nord Vaudois ADNV<br \/>\nAssociation Pro Explora, Vevey<br \/>\nAssociation Romainm\u00f4tier 2020<br \/>\nBanque Cantonale de Fribourg<br \/>\nBanque Cantonale de Gen\u00e8ve BCGE<br \/>\nBarrage de la Grande-Dixence, Sion<br \/>\nBenoit Lange, Aigle<br \/>\nCanton de Vaud &#8211; D\u00e9partement de la formation, de la jeunesse et de la culture DFJC<br \/>\nCanton de Vaud &#8211; Service des affaires culturelles SERAC<br \/>\nCanton de Vaud &#8211; Services immeubles, patrimoine et logistique SIPAL<br \/>\nCentre D\u00fcrrenmatt, Neuch\u00e2tel<br \/>\nCentre hospitalier universitaire vaudois CHUV, Lausanne<br \/>\nChocolats Camille Bloch, Courtelary<br \/>\nComit\u00e9 International Olympique, Lausanne<br \/>\nCommune d&#8217;Ormont-Dessus<br \/>\nCommune de Corsier-sur-Vevey<br \/>\nCommune de Gletterens<br \/>\nCommune de La Tour-de-Peilz<br \/>\nCommune de Montreux<br \/>\nD\u00e9partement f\u00e9d\u00e9ral des affaires \u00e9trang\u00e8res &#8211; DDC, Berne<br \/>\nEcole Internationale de Gen\u00e8ve<br \/>\nF\u00e9d\u00e9ration internationale de Tennis de table (ITTF), Renens<br \/>\nFondation AquaEcop\u00f4le, Vevey<br \/>\nFondation de la Maison de l&#8217;Absinthe, M\u00f4tiers<br \/>\nFondation des Clefs de St-Pierre, Gen\u00e8ve<br \/>\nFondation des Exercices de l&#8217;Arquebuse et de la Navigation, Gen\u00e8ve<br \/>\nFondation des Mines de sel de Bex<br \/>\nFondation du Ch\u00e2teau de Chillon, Veytaux \/ Montreux<br \/>\nFondation du Mus\u00e9e de l&#8217;\u0153il, Lausanne<br \/>\nFondation Emile Jaques-Dalcroze, Gen\u00e8ve<br \/>\nFondation Espace Ballon, Ch\u00e2teau d&#8217;Oex<br \/>\nFondation Fr\u00e9d\u00e9ric Rouge, Aigle<br \/>\nFondation Hans Wilsdorf (Rolex), Gen\u00e8ve<br \/>\nFondation la Maison de la Rivi\u00e8re, Tolochenaz<br \/>\nFondation Plan\u00e8tes Enfants Malades, Lausanne<br \/>\nFondation Pro Helvetia, Bern<br \/>\nFondation Swissaid, Bern<br \/>\nGroupe Boas Management, Morges<br \/>\nGroupe E SA, Broc<br \/>\nHortus Botanicus Helveticus, Z\u00fcrich<br \/>\nImagin&#8217;Alps immobilier<br \/>\nLigue suisse contre le cancer, Lausanne<br \/>\nMus\u00e9e d&#8217;Art et d&#8217;Histoire, Neuch\u00e2tel<br \/>\nMus\u00e9e d&#8217;ethnographie de Gen\u00e8ve, exposition \u00ab Paix \u00bb 2003<br \/>\nMus\u00e9um d&#8217;histoire naturelle de la Ville de Gen\u00e8ve<br \/>\nMus\u00e9e national suisse &#8211; Ch\u00e2teau de Prangins<br \/>\nNestl\u00e9 World Trade International, Vevey<br \/>\nNeuch\u00e2tel Canton vert, Neuch\u00e2tel<br \/>\nParoisse Sainte-Catherine, Sierre<br \/>\nR\u00e9gion Yverdon-les-Bains Jura\/Lac<br \/>\nR\u00e9publique et canton de Neuch\u00e2tel<br \/>\nR\u00e9publique et canton de Neuch\u00e2tel Chancellerie d&#8217;Etat<br \/>\nSoci\u00e9t\u00e9 de promotion des restoroutes valaisans SA, Sion<br \/>\nUnion europ\u00e9enne de football UEFA, Nyon<br \/>\nVille d&#8217;Yverdon-les-Bains<br \/>\nVille de Gen\u00e8ve<br \/>\nVille de La Chaux-de-Fonds, activit\u00e9s culturelles, sports et jeunesse ACSJ<br \/>\nVille de Nyon<\/p>\n<h1>Unsere Projekte<\/h1>\n<p>Abbatiale et Mus\u00e9e de Payerne<br \/>\nAbbaye de Saint-Maurice<br \/>\nAGORA, Cancer Center, Lausanne<br \/>\nAlimentarium, Vevey<br \/>\nAquatica, Yverdon-les-Bains<br \/>\nAquatis, Lausanne<br \/>\nAudiorama, Mus\u00e9e suisse de l\u2019audiovisuel, Montreux<br \/>\nAutomates et Merveilles, Mus\u00e9e d&#8217;art et d&#8217;histoire de Neuch\u00e2tel<br \/>\nBaccarat<br \/>\nBanque Nationale Suisse<br \/>\nBarrage de la Grande-Dixence, Sion,<br \/>\nBotanica, Suisse<br \/>\nCath\u00e9drale de Lausanne<br \/>\nCD-ROM \u00ab Emile Jaques-Dalcroze : la musique en mouvement \u00bb<br \/>\nCD-ROM \u00abJean Piaget : Agir et Construire\u00bb, UNIGE, fac. de psycho.<br \/>\nCD-ROM \u00abSwiss, made : La Suisse en dialogue avec le monde\u00bb<br \/>\nCentre D\u00fcrrenmatt, Neuch\u00e2tel<br \/>\nCentre historique de l\u2019Agriculture de Chiblins,<br \/>\nCentre mondial du cyclisme UCI, Aigle<br \/>\nCh\u00e2teau d&#8217;Hauteville, Saint-L\u00e9gier<br \/>\nCh\u00e2teau de Chillon, Veytaux<br \/>\nCh\u00e2teau de Prangins, Panorama<br \/>\nCh\u00e2teau de Villa, Sierre,<br \/>\nCh\u00e2teau et mus\u00e9e de Valangin<br \/>\nCHEZ Camille Bloch, Courtelary<br \/>\nCHUV, Lausanne<br \/>\nClinique des Grangettes, Centre de consultations d\u2019urgences p\u00e9diatriques, Gen\u00e8ve<br \/>\nDirection du d\u00e9veloppement et de la coop\u00e9ration DDC, Comptoir Lausanne<br \/>\nECAP Centre d&#8217;information et de formation de l&#8217;Ets cantonal d&#8217;assurance et de pre\u0301vention, Neuch\u00e2tel<br \/>\nEglise Notre-Dame du Marais de Sierre<br \/>\nEPFL-Journ\u00e9e portes ouvertes, Ecublens<br \/>\nEspace Ballon de Ch\u00e2teau-d\u2019Oex<br \/>\nEspace Chaplin, Corsier-sur-Vevey<br \/>\nEspace Edusquare, Salon international du Livre et de la Presse, Gen\u00e8ve<br \/>\nExplora\u201994, Vevey<br \/>\nF\u00e9d\u00e9ration internationale de Tennis de table, Shanga\u00ef<br \/>\nFerme du Grand Cachot de Vent, Neuch\u00e2tel,<br \/>\nFerme Robert<br \/>\nFestival du jeu &#8222;Jouez La Tour&#8220;, La Tour-de-Peilz<br \/>\nFondation Plan\u00e8tes Enfants Malades, CHUV, Lausanne<br \/>\nFr\u00e9d\u00e9ric Rouge, Ch\u00e2teau d&#8217;Aigle<br \/>\nGroupe E, Electrobroc, Broc<br \/>\nHameau du Glacier, Ormont-Dessus<br \/>\nImages 95, Vevey<br \/>\nImages et Atmosph\u00e8res, Aigle<br \/>\nImages et Atmosph\u00e8res, Jardin Zen, Aigle<br \/>\nImagin\u2019Alps, St-L\u00e9onard<br \/>\nINVENTAIRE DES REALISATIONS<br \/>\nJohann Jacobs Museum, Z\u00fcrich,<br \/>\nLat\u00e9nium, Parc et Mus\u00e9e d\u2019arch\u00e9ologie de Neuch\u00e2tel<br \/>\nLe Parc des mus\u00e9es de la Chaux-de-Fonds<br \/>\nLes Bains de Saillon<br \/>\nLes Celliers de Sion SA, Philippe Varone Vins &amp; Charles Bonvin Fils<br \/>\nMaison Borel, Neuch\u00e2tel<br \/>\nMaison de l&#8217;Absinthe, M\u00f4tiers<br \/>\nMaison de la Rivi\u00e8re, Tolochenaz<br \/>\nMaison de la Sant\u00e9, Berne<br \/>\nMaison de la Tourbi\u00e8re, Les Ponts-de-Martel<br \/>\nMaison des Vins de La C\u00f4te, Mont-sur-Rolle<br \/>\nMaison Tavel, Gen\u00e8ve<br \/>\nMines de Sel de Bex, Vision MSB 150<br \/>\nMontres Breguet SA, Maison Breguet, L&#8217;Abbaye<br \/>\nMus\u00e9e Ariana, Mus\u00e9e suisse de la c\u00e9ramique et du verre, Gen\u00e8ve,<br \/>\nMus\u00e9e d\u2019art et histoire de Gen\u00e8ve<br \/>\nMus\u00e9e d\u2019ethnographie de Gen\u00e8ve, exposition \u00ab Paix \u00bb<br \/>\nMus\u00e9e d\u2019histoire naturelle, Riyad<br \/>\nMus\u00e9e d\u2019histoire, La Chaux-de-Fonds<br \/>\nMus\u00e9e d\u2019Orbe<br \/>\nMus\u00e9e de l\u2019\u0153il, H\u00f4pital Ophtalmique, Lausanne<br \/>\nMus\u00e9e de la Civilisation, Qu\u00e9bec<br \/>\nMus\u00e9e du L\u00e9man, Nyon,<br \/>\nMuse\u0301e du vieux Pays-d\u2019Enhaut, Ch\u00e2teau d&#8217;Oex<br \/>\nMuse\u0301e et Jardins botaniques cantonaux, Lausanne<br \/>\nMuse\u0301e Euge\u0300ne Burnand, Moudon<br \/>\nMus\u00e9e historique de Vevey<br \/>\nMus\u00e9e historique, Ch\u00e2teau d&#8217;Yverdon-les-Bains<br \/>\nMus\u00e9e historique, Nyon<br \/>\nMus\u00e9e international de l\u2019Automobile, Gen\u00e8ve<br \/>\nMus\u00e9e maritime de l\u2019Oc\u00e9an Indien, Zanzibar, Tanzanie<br \/>\nMus\u00e9e Oberlin<br \/>\nMus\u00e9e Olympique, Lausanne<br \/>\nMus\u00e9e Paderewski, Ch\u00e2teau de Morges<br \/>\nMus\u00e9e romain et Basilique de Nyon<br \/>\nMus\u00e9e romain, Avenches<br \/>\nMus\u00e9e suisse des Arts graphiques, Lausanne<br \/>\nMus\u00e9e Suisse du jeu, La Tour-de-Peilz<br \/>\nMus\u00e9e vaudois de la vigne et du vin, Ch\u00e2teau d&#8217;Aigle<br \/>\nMus\u00e9um d\u2019histoire naturelle de la Ville de Gen\u00e8ve<br \/>\nNaturama, La Chaux-de-Fonds<br \/>\nNestl\u00e9, Visitors Center, Headquarter Vevey<br \/>\nNeuch\u00e2tel Canton Vert<br \/>\nNeuch\u00e2tel Tourisme &#8211; Corum<br \/>\nNeuch\u00e2tel Tourisme &#8211; Zenith<br \/>\nNouveau Mus\u00e9e cantonal des Beaux-Arts, Lausanne<br \/>\nPal\u00e9oJura, Porrentruy<br \/>\nParc naturel r\u00e9gional Jura vaudois, St-George<br \/>\nPavillon du Canton de Neuch\u00e2tel, EXPO.02, Neuch\u00e2tel<br \/>\nPiscine couverte, Morges<br \/>\nPROJET-REALISATION<br \/>\nRestoroute Relais du Saint-Bernard, Martigny<br \/>\nSafe Gallery, Banque cantonale de Fribourg<br \/>\nSalines Suisses, Pratteln<br \/>\nSalon europ\u00e9en des Mus\u00e9es et des lieux culturels, Gen\u00e8ve,<br \/>\nSite abbatial et bourg clunisien: Romainm\u00f4tier 2020<br \/>\nSite arch\u00e9ologique de la cath\u00e9drale St-Pierre de Gen\u00e8ve<br \/>\nSommets de la Francophonie, Montreux<br \/>\nSpielzeug Museum, Riehen<br \/>\nStand de promotion des vins de la r\u00e9gion Rh\u00f4ne-Alpes, Lyon<br \/>\nSwiss Panorama Morat 1476, Promasens-Rue<br \/>\nUnion europ\u00e9enne de football UEFA, Nyon<br \/>\nVilla Romaine de B\u00fcron, Lucerne<br \/>\nVillage lacustre de Gletterens<\/p>\n<h1>Preise und Auszeichnungen<\/h1>\n<p><strong>Internetseite der arch\u00e4ologischen St\u00e4tte der Kathedrale Sankt Peter, Genf<\/strong><br \/>\nEine besondere Erw\u00e4hnung der Jury des Moebius Multimedia Preises, die die Qualit\u00e4t und die ausserordentlichen Ausstellungsinhalte hervorhebt &#8211; 2009<\/p>\n<p><strong>Arch\u00e4ologische St\u00e4tte der Kathedrale Sankt Peter, Genf<\/strong><br \/>\nEuropa-Nostra-Preis der Europ\u00e4ischen Union f\u00fcr das Kulturerbe f\u00fcr die Qualit\u00e4t der arch\u00e4ologischen Ausgrabungen und der museografischen Aufwertung &#8211; 2008<\/p>\n<p><strong>LATENIUM &#8211; Arch\u00e4ologiemuseum und Park<\/strong><br \/>\nMuseumspreis des Europarates \u2013 2003<\/p>\n<p><strong>R\u00f6misches Museum, Nyon<\/strong><br \/>\nBesondere Auszeichnung durch die Jury des Europ\u00e4ischen Museumspreises &#8211; 1994<\/p>\n<p><strong>Schweizer Spielemuseum, La Tour-de-Peilz<\/strong><br \/>\nBesondere Erw\u00e4hnung durch die Jury des Europ\u00e4ischen Museumspreises &#8211; 1989<\/p>\n","protected":false},"excerpt":{"rendered":"<p>Wir teilen unser fundiertes Know-how, um Ihr Projekt zu realisieren. Strategie Ideen ausprobieren, M\u00e4rkte ausloten, nachhaltige Konzepte definieren Vorstudie: wir pr\u00fcfen die Machbarkeit, potentielle Publikumszahlen und die Besucherstr\u00f6me. Kulturwissenschaftliche Auswertung: gemeinsam mit Ihnen erarbeiten wir eine Beurteilung der Sachlage und stellen einen Aktionsplan vor. Businessplan: wir formulieren die strategischen Ziele des Projekts. Masterplan: wir definieren&#8230; <a class=\"more-link\" href=\"https:\/\/www.thematis.ch\/de\/know-how\/\"><span class=\"plus\">Lesen<\/span><\/a><\/p>\n","protected":false},"author":1,"featured_media":0,"parent":0,"menu_order":0,"comment_status":"closed","ping_status":"closed","template":"","meta":{"_genesis_hide_title":false,"_genesis_hide_breadcrumbs":false,"_genesis_hide_singular_image":false,"_genesis_hide_footer_widgets":false,"_genesis_custom_body_class":"static","_genesis_custom_post_class":"","_genesis_layout":""},"_links":{"self":[{"href":"https:\/\/www.thematis.ch\/de\/wp-json\/wp\/v2\/pages\/7"}],"collection":[{"href":"https:\/\/www.thematis.ch\/de\/wp-json\/wp\/v2\/pages"}],"about":[{"href":"https:\/\/www.thematis.ch\/de\/wp-json\/wp\/v2\/types\/page"}],"author":[{"embeddable":true,"href":"https:\/\/www.thematis.ch\/de\/wp-json\/wp\/v2\/users\/1"}],"replies":[{"embeddable":true,"href":"https:\/\/www.thematis.ch\/de\/wp-json\/wp\/v2\/comments?post=7"}],"version-history":[{"count":31,"href":"https:\/\/www.thematis.ch\/de\/wp-json\/wp\/v2\/pages\/7\/revisions"}],"predecessor-version":[{"id":1820,"href":"https:\/\/www.thematis.ch\/de\/wp-json\/wp\/v2\/pages\/7\/revisions\/1820"}],"wp:attachment":[{"href":"https:\/\/www.thematis.ch\/de\/wp-json\/wp\/v2\/media?parent=7"}],"curies":[{"name":"wp","href":"https:\/\/api.w.org\/{rel}","templated":true}]}}